{"id":30,"date":"2025-07-25T20:53:31","date_gmt":"2025-07-25T20:53:31","guid":{"rendered":"http:\/\/arti-lib.fr\/?page_id=30"},"modified":"2025-07-31T17:47:56","modified_gmt":"2025-07-31T17:47:56","slug":"cours-hebdomadaires","status":"publish","type":"page","link":"http:\/\/arti-lib.fr\/?page_id=30","title":{"rendered":"Cours hebdomadaires"},"content":{"rendered":"\n<div class=\"wp-block-group alignfull has-global-padding is-layout-constrained wp-container-core-group-is-layout-490fa1db wp-block-group-is-layout-constrained\" style=\"padding-top:var(--wp--preset--spacing--50);padding-right:var(--wp--preset--spacing--50);padding-bottom:var(--wp--preset--spacing--50);padding-left:var(--wp--preset--spacing--50)\">\n<div class=\"wp-block-group has-global-padding is-layout-constrained wp-container-core-group-is-layout-650790e1 wp-block-group-is-layout-constrained\">\n<h1 class=\"wp-block-heading has-text-align-center has-x-large-font-size\">Pour enfants, ados et adultes<\/h1>\n\n\n\n<div style=\"height:1.25rem\" aria-hidden=\"true\" class=\"wp-block-spacer\"><\/div>\n\n\n\n<p class=\"has-text-align-center\">Hors vacances scolaires et jours f\u00e9ri\u00e9s, jusqu&#8217;\u00e0 mi-juin.<\/p>\n\n\n\n<p class=\"has-text-align-center\">Rentr\u00e9e enfants : 15 septembre 2025. <\/p>\n\n\n\n<p class=\"has-text-align-center\">Rentr\u00e9e adultes : 2 octobre 2025.<\/p>\n<\/div>\n\n\n\n<div style=\"height:var(--wp--preset--spacing--30)\" aria-hidden=\"true\" class=\"wp-block-spacer\"><\/div>\n\n\n\n<figure class=\"wp-block-image alignwide size-full is-style-rounded is-style-rounded--1\"><img loading=\"lazy\" decoding=\"async\" width=\"1574\" height=\"779\" src=\"http:\/\/arti-lib.fr\/wp-content\/uploads\/2025\/07\/Image-Arti-lib-2-w.jpg\" alt=\"\" class=\"wp-image-31\" srcset=\"http:\/\/arti-lib.fr\/wp-content\/uploads\/2025\/07\/Image-Arti-lib-2-w.jpg 1574w, http:\/\/arti-lib.fr\/wp-content\/uploads\/2025\/07\/Image-Arti-lib-2-w-300x148.jpg 300w, http:\/\/arti-lib.fr\/wp-content\/uploads\/2025\/07\/Image-Arti-lib-2-w-1024x507.jpg 1024w, http:\/\/arti-lib.fr\/wp-content\/uploads\/2025\/07\/Image-Arti-lib-2-w-768x380.jpg 768w, http:\/\/arti-lib.fr\/wp-content\/uploads\/2025\/07\/Image-Arti-lib-2-w-1536x760.jpg 1536w\" sizes=\"auto, (max-width: 1574px) 100vw, 1574px\" \/><\/figure>\n<\/div>\n\n\n\n<div class=\"wp-block-group alignfull has-base-2-background-color has-background has-global-padding is-layout-constrained wp-container-core-group-is-layout-669513ed wp-block-group-is-layout-constrained\" style=\"margin-top:0;margin-bottom:0;padding-top:var(--wp--preset--spacing--50);padding-right:var(--wp--preset--spacing--50);padding-bottom:var(--wp--preset--spacing--50);padding-left:var(--wp--preset--spacing--50)\">\n<div class=\"wp-block-group is-vertical is-content-justification-center is-layout-flex wp-container-core-group-is-layout-52b864f0 wp-block-group-is-layout-flex\">\n<h2 class=\"wp-block-heading has-text-align-center is-style-asterisk\">Programme des cours<\/h2>\n\n\n\n<div style=\"height:0px\" aria-hidden=\"true\" class=\"wp-block-spacer wp-container-content-4f2ccadb\"><\/div>\n\n\n\n<p class=\"has-text-align-center\">&#8212;<\/p>\n<\/div>\n\n\n\n<div style=\"margin-top:0;margin-bottom:0;height:var(--wp--preset--spacing--40)\" aria-hidden=\"true\" class=\"wp-block-spacer\"><\/div>\n\n\n\n<div class=\"wp-block-columns alignwide is-layout-flex wp-container-core-columns-is-layout-d0bbbce0 wp-block-columns-is-layout-flex\">\n<div class=\"wp-block-column is-layout-flow wp-container-core-column-is-layout-e3d1c41b wp-block-column-is-layout-flow\">\n<h3 class=\"wp-block-heading has-text-align-left is-style-asterisk has-body-font-family has-medium-font-size\" style=\"font-style:normal;font-weight:600\">Cours enfant 1<\/h3>\n\n\n\n<p class=\"has-text-align-left\">9-12 ans, mardi de 16h45 \u00e0 18h, avec Charlotte.<\/p>\n\n\n\n<p><em>Tarif&nbsp;: 225 \u20ac \/ an, mat\u00e9riel compris (paiement en 3 fois accept\u00e9)<\/em><\/p>\n\n\n\n<p class=\"has-small-font-size\">Observer, imaginer, exp\u00e9rimenter, cr\u00e9er&#8230; Aborder diff\u00e9rents outils et mat\u00e9riaux, s\u2019inspirer de la nature, d\u2019images ou d\u2019objets et explorer ensemble les possibilit\u00e9s cr\u00e9atives en peinture, dessin, volume&#8230;<\/p>\n<\/div>\n\n\n\n<div class=\"wp-block-column is-layout-flow wp-container-core-column-is-layout-e3d1c41b wp-block-column-is-layout-flow\">\n<h3 class=\"wp-block-heading has-text-align-left is-style-asterisk has-body-font-family has-medium-font-size\" style=\"font-style:normal;font-weight:600\">Cours enfant 2<\/h3>\n\n\n\n<p class=\"has-text-align-left\">7-10 ans, mercredi de 10h \u00e0 12h, avec Charlotte.<\/p>\n\n\n\n<p><em>Tarif&nbsp;: 300 \u20ac <em>\/ an<\/em>, mat\u00e9riel compris (paiements en 3 fois accept\u00e9s)<\/em><\/p>\n\n\n\n<p class=\"has-small-font-size\">Venez cr\u00e9er et imaginer, en explorant diff\u00e9rentes techniques&nbsp;: dessin, peinture, volume, encre, pastels, collage, origami, gravure\u2026 Pour r\u00e9aliser des cr\u00e9ations graphiques et color\u00e9es, dans une ambiance conviviale !<\/p>\n<\/div>\n\n\n\n<div class=\"wp-block-column is-layout-flow wp-container-core-column-is-layout-e3d1c41b wp-block-column-is-layout-flow\">\n<h3 class=\"wp-block-heading has-text-align-left is-style-asterisk has-body-font-family has-medium-font-size\" style=\"font-style:normal;font-weight:600\">Cours enfant 3<\/h3>\n\n\n\n<p class=\"has-text-align-left\">9-13 ans, mercredi de 13h45 \u00e0 15h45, avec Marie-Louise.<\/p>\n\n\n\n<p><em>Tarif&nbsp;: 300 \u20ac <em>\/ an<\/em>, mat\u00e9riel compris (paiements en 3 fois accept\u00e9s)<\/em><\/p>\n\n\n\n<p class=\"has-small-font-size\">Apprendre le dessin ou la sculpture en pratiquant \u00e0 la mani\u00e8re de certains artistes. Cheminer sur les traces de peintres, de plasticiens qui ont marqu\u00e9 l\u2019histoire de l\u2019art. Diff\u00e9rents m\u00e9diums et techniques seront abord\u00e9s et exploit\u00e9s pour r\u00e9aliser une nouvelle oeuvre. \u00catre libre d\u2019avoir sa propre expression au plus proche de sa sensibilit\u00e9.<\/p>\n<\/div>\n<\/div>\n\n\n\n<div style=\"height:var(--wp--preset--spacing--20)\" aria-hidden=\"true\" class=\"wp-block-spacer\"><\/div>\n\n\n\n<div class=\"wp-block-columns alignwide is-layout-flex wp-container-core-columns-is-layout-d0bbbce0 wp-block-columns-is-layout-flex\">\n<div class=\"wp-block-column is-layout-flow wp-container-core-column-is-layout-e3d1c41b wp-block-column-is-layout-flow\">\n<h3 class=\"wp-block-heading has-text-align-left is-style-asterisk has-body-font-family has-medium-font-size\" style=\"font-style:normal;font-weight:600\">Cours ado<\/h3>\n\n\n\n<p class=\"has-text-align-left\">A partir de 14 ans, mercredi de 16h \u00e0 18h, avec Marie-Louise.<\/p>\n\n\n\n<p><em>Tarif&nbsp;: 300 \u20ac <em>\/ an<\/em>, mat\u00e9riel compris (paiement en 3 fois accept\u00e9)<\/em><\/p>\n\n\n\n<p class=\"has-small-font-size\">Comment passer du dessin au volume ? Quelles op\u00e9rations mettre en oeuvre ? Oeuvre fixe ou mobile ? Abstraite ou figurative ? Cet atelier propose de manipuler les mat\u00e9riaux (de r\u00e9cup\u00e9ration pour l\u2019essentiel), de r\u00e9fl\u00e9chir aux formes, aux dimensions et aux techniques d\u2019assemblage. Viendront les choix d\u2019effets de mati\u00e8re et de couleurs pour finaliser et r\u00e9v\u00e9ler le volume.<\/p>\n<\/div>\n\n\n\n<div class=\"wp-block-column is-layout-flow wp-container-core-column-is-layout-e3d1c41b wp-block-column-is-layout-flow\">\n<h3 class=\"wp-block-heading has-text-align-left is-style-asterisk has-body-font-family has-medium-font-size\" style=\"font-style:normal;font-weight:600\">Cours adultes 1<\/h3>\n\n\n\n<p class=\"has-text-align-left\">Arts plastiques, avec Marie-Louise.<\/p>\n\n\n\n<p>Jeudi, de 10h \u00e0 12h.<\/p>\n\n\n\n<p><em>Tarif : 330 \u20ac <em>\/ an<\/em> (paiement en 3 fois accept\u00e9)<\/em><\/p>\n\n\n\n<p class=\"has-small-font-size\">S\u2019inspirer de l\u2019histoire de l\u2019art \u00e0 travers diff\u00e9rents mouvements artistiques afin de g\u00e9n\u00e9rer une effervescence cr\u00e9ative. Recherche, exp\u00e9rimentation et r\u00e9alisation d\u2019une oeuvre en exploitant des techniques et des approches diverses et vari\u00e9es et parfois d\u00e9cal\u00e9es.<\/p>\n<\/div>\n\n\n\n<div class=\"wp-block-column is-layout-flow wp-container-core-column-is-layout-e3d1c41b wp-block-column-is-layout-flow\">\n<h3 class=\"wp-block-heading has-text-align-left is-style-asterisk has-body-font-family has-medium-font-size\" style=\"font-style:normal;font-weight:600\">Cours adultes 2<\/h3>\n\n\n\n<p>Savoir-faire et transmission, avec Marie-Louise.<\/p>\n\n\n\n<p class=\"has-text-align-left\">Jeudi, de 14h \u00e0 16h30.<\/p>\n\n\n\n<p><em>Tarif : 413 \u20ac <em>\/ an<\/em> (paiement en 3 fois accept\u00e9)<\/em><\/p>\n\n\n\n<p class=\"has-small-font-size\">Autour des arts plastiques, des arts appliqu\u00e9s et des arts populaires, d\u00e9couvrir, observer, exp\u00e9rimenter et s\u2019approprier pour cr\u00e9er. Croiser les pratiques et les techniques. Echange et partage sont les principes de cet atelier. Des richesses insoup\u00e7onn\u00e9es ou r\u00e9v\u00e9l\u00e9es sont \u00e0 l\u2019int\u00e9rieur de chacun de nous, transmettons et partageons tous ces savoirs pour cr\u00e9er l\u2019originalit\u00e9.<\/p>\n<\/div>\n<\/div>\n\n\n\n<p class=\"has-x-large-font-size\">*<\/p>\n\n\n\n<p class=\"has-text-align-left has-medium-font-size\"><strong>Cours adultes 3<\/strong>  <\/p>\n\n\n\n<p class=\"has-text-align-left has-medium-font-size\">Dessin-peinture, avec Charlotte.<\/p>\n\n\n\n<p>Vendredi, de 10h \u00e0 12h.<\/p>\n\n\n\n<p><em>Tarif : 330 \u20ac <em>\/ an<\/em> (paiement en 3 fois accept\u00e9)<\/em><\/p>\n\n\n\n<p class=\"has-small-font-size\">Explorons ensemble les possibilit\u00e9s de la cr\u00e9ation artistique, en abordant diverses techniques de dessin, de peinture, de gravure et de techniques mixtes. Observer, exp\u00e9rimenter, imaginer et cr\u00e9er, en utilisant crayons, encres, pastels, fusains, stylos, pinceaux, gouges&#8230; Parfois de mani\u00e8re d\u00e9tourn\u00e9e. Atelier tous niveaux, ouvert aux d\u00e9butants.<\/p>\n<\/div>\n\n\n\n<div class=\"wp-block-group alignfull has-global-padding is-layout-constrained wp-container-core-group-is-layout-d89aad35 wp-block-group-is-layout-constrained\" style=\"margin-top:0;margin-bottom:0;padding-top:var(--wp--preset--spacing--50);padding-right:var(--wp--preset--spacing--50);padding-bottom:var(--wp--preset--spacing--50);padding-left:var(--wp--preset--spacing--50)\">\n<div class=\"wp-block-group alignwide has-global-padding is-layout-constrained wp-container-core-group-is-layout-19e250f3 wp-block-group-is-layout-constrained\">\n<div class=\"wp-block-group is-vertical is-content-justification-center is-layout-flex wp-container-core-group-is-layout-6329a8f3 wp-block-group-is-layout-flex\">\n<h2 class=\"wp-block-heading has-text-align-center is-style-asterisk\">Informations compl\u00e9mentaires<\/h2>\n\n\n\n<p class=\"has-text-align-center\"><\/p>\n<\/div>\n\n\n\n<div style=\"height:var(--wp--preset--spacing--40)\" aria-hidden=\"true\" class=\"wp-block-spacer\"><\/div>\n\n\n\n<div class=\"wp-block-columns alignwide is-layout-flex wp-container-core-columns-is-layout-d1c656ed wp-block-columns-is-layout-flex\">\n<div class=\"wp-block-column is-vertically-aligned-center is-layout-flow wp-block-column-is-layout-flow\" style=\"flex-basis:40%\">\n<h3 class=\"wp-block-heading is-style-asterisk\">Pour les cours enfants et ados<\/h3>\n\n\n\n<ul style=\"line-height:1.75\" class=\"wp-block-list is-style-checkmark-list\">\n<li>Le mat\u00e9riel est compris dans le tarif et est fourni par l&#8217;atelier.<\/li>\n\n\n\n<li>Apporter une blouse.<\/li>\n<\/ul>\n<\/div>\n\n\n\n<div class=\"wp-block-column is-layout-flow wp-block-column-is-layout-flow\" style=\"flex-basis:50%\">\n<figure class=\"wp-block-image size-large is-style-rounded is-style-rounded--2\"><img loading=\"lazy\" decoding=\"async\" width=\"1024\" height=\"672\" src=\"http:\/\/arti-lib.fr\/wp-content\/uploads\/2025\/07\/IMG_1005-2-w-1024x672.jpg\" alt=\"\" class=\"wp-image-32\" srcset=\"http:\/\/arti-lib.fr\/wp-content\/uploads\/2025\/07\/IMG_1005-2-w-1024x672.jpg 1024w, http:\/\/arti-lib.fr\/wp-content\/uploads\/2025\/07\/IMG_1005-2-w-300x197.jpg 300w, http:\/\/arti-lib.fr\/wp-content\/uploads\/2025\/07\/IMG_1005-2-w-768x504.jpg 768w, http:\/\/arti-lib.fr\/wp-content\/uploads\/2025\/07\/IMG_1005-2-w.jpg 1078w\" sizes=\"auto, (max-width: 1024px) 100vw, 1024px\" \/><\/figure>\n<\/div>\n<\/div>\n\n\n\n<div style=\"height:var(--wp--preset--spacing--40)\" aria-hidden=\"true\" class=\"wp-block-spacer\"><\/div>\n\n\n\n<div class=\"wp-block-columns alignwide is-layout-flex wp-container-core-columns-is-layout-d1c656ed wp-block-columns-is-layout-flex\">\n<div class=\"wp-block-column is-layout-flow wp-block-column-is-layout-flow\" style=\"flex-basis:50%\">\n<figure class=\"wp-block-image size-large is-style-rounded is-style-rounded--3\"><img loading=\"lazy\" decoding=\"async\" width=\"1024\" height=\"768\" src=\"http:\/\/arti-lib.fr\/wp-content\/uploads\/2025\/07\/20230101_154744-w-1024x768.jpg\" alt=\"\" class=\"wp-image-33\" srcset=\"http:\/\/arti-lib.fr\/wp-content\/uploads\/2025\/07\/20230101_154744-w-1024x768.jpg 1024w, http:\/\/arti-lib.fr\/wp-content\/uploads\/2025\/07\/20230101_154744-w-300x225.jpg 300w, http:\/\/arti-lib.fr\/wp-content\/uploads\/2025\/07\/20230101_154744-w-768x576.jpg 768w, http:\/\/arti-lib.fr\/wp-content\/uploads\/2025\/07\/20230101_154744-w.jpg 1134w\" sizes=\"auto, (max-width: 1024px) 100vw, 1024px\" \/><\/figure>\n<\/div>\n\n\n\n<div class=\"wp-block-column is-vertically-aligned-center is-layout-flow wp-block-column-is-layout-flow\" style=\"flex-basis:40%\">\n<h3 class=\"wp-block-heading is-style-asterisk\">Pour les cours adultes<\/h3>\n\n\n\n<ul style=\"line-height:1.75\" class=\"wp-block-list is-style-checkmark-list\">\n<li>Veuillez apporter votre mat\u00e9riel<\/li>\n\n\n\n<li>Une liste du mat\u00e9riel n\u00e9cessaire vous sera communiqu\u00e9e.<\/li>\n<\/ul>\n<\/div>\n<\/div>\n<\/div>\n<\/div>\n\n\n\n<div class=\"wp-block-group alignfull has-base-color has-contrast-background-color has-text-color has-background has-global-padding is-layout-constrained wp-container-core-group-is-layout-ef3d885c wp-block-group-is-layout-constrained\" style=\"margin-top:0;margin-bottom:0;padding-top:var(--wp--preset--spacing--60);padding-right:var(--wp--preset--spacing--60);padding-bottom:var(--wp--preset--spacing--60);padding-left:var(--wp--preset--spacing--60)\">\n<div class=\"wp-block-group has-global-padding is-layout-constrained wp-block-group-is-layout-constrained\">\n<p class=\"has-text-align-center has-base-color has-text-color has-heading-font-family has-x-large-font-size\" style=\"line-height:1.2\"> Arti&#8217;lib<\/p>\n\n\n\n<p class=\"has-text-align-center\">14 rue de la Lib\u00e9ration 63160 Billom<\/p>\n\n\n\n<div style=\"height:var(--wp--preset--spacing--10)\" aria-hidden=\"true\" class=\"wp-block-spacer\"><\/div>\n\n\n\n<div class=\"wp-block-group is-vertical is-content-justification-center is-nowrap is-layout-flex wp-container-core-group-is-layout-2dc08cea wp-block-group-is-layout-flex\">\n\n\n<p class=\"has-text-align-center has-base-color has-text-color has-link-color wp-elements-0863091d1448b7ad8d9bfee370b5b3f6\" style=\"margin-top:var(--wp--preset--spacing--10);margin-bottom:0\"><a href=\"http:\/\/arti-lib.fr\/?page_id=59\" data-type=\"page\" data-id=\"59\">Contact<\/a><\/p>\n<\/div>\n<\/div>\n<\/div>\n\n\n\n<div class=\"wp-block-group alignfull has-global-padding is-layout-constrained wp-container-core-group-is-layout-d89aad35 wp-block-group-is-layout-constrained\" style=\"margin-top:0;margin-bottom:0;padding-top:var(--wp--preset--spacing--50);padding-right:var(--wp--preset--spacing--50);padding-bottom:var(--wp--preset--spacing--50);padding-left:var(--wp--preset--spacing--50)\">\n<h2 class=\"wp-block-heading alignwide has-x-large-font-size\" style=\"margin-top:0;margin-bottom:var(--wp--preset--spacing--40);line-height:1\">Cours, stages, expositions<\/h2>\n\n\n\n<div class=\"wp-block-group alignwide has-global-padding is-layout-constrained wp-block-group-is-layout-constrained\">\n<div class=\"wp-block-query alignwide is-layout-flow wp-block-query-is-layout-flow\">\n\n\n<div style=\"height:var(--wp--preset--spacing--30)\" aria-hidden=\"true\" class=\"wp-block-spacer\"><\/div>\n\n\n\n\n<div class=\"wp-block-query-no-results\">\n\n<p>No posts were found.<\/p>\n\n<\/div><\/div>\n<\/div>\n<\/div>\n\n\n\n<div class=\"wp-block-group alignfull has-global-padding is-layout-constrained wp-container-core-group-is-layout-d89aad35 wp-block-group-is-layout-constrained\" style=\"margin-top:0;margin-bottom:0;padding-top:var(--wp--preset--spacing--50);padding-right:var(--wp--preset--spacing--50);padding-bottom:var(--wp--preset--spacing--50);padding-left:var(--wp--preset--spacing--50)\">\n<div class=\"wp-block-group alignwide has-base-2-background-color has-background has-global-padding is-layout-constrained wp-container-core-group-is-layout-39412042 wp-block-group-is-layout-constrained\" style=\"border-radius:16px;padding-top:var(--wp--preset--spacing--40);padding-right:var(--wp--preset--spacing--50);padding-bottom:var(--wp--preset--spacing--40);padding-left:var(--wp--preset--spacing--50)\">\n<div style=\"height:var(--wp--preset--spacing--10)\" aria-hidden=\"true\" class=\"wp-block-spacer\"><\/div>\n\n\n\n<h2 class=\"wp-block-heading has-text-align-center has-x-large-font-size\"><\/h2>\n\n\n\n<p class=\"has-text-align-center\"><\/p>\n\n\n\n<div style=\"height:var(--wp--preset--spacing--10)\" aria-hidden=\"true\" class=\"wp-block-spacer\"><\/div>\n<\/div>\n<\/div>\n","protected":false},"excerpt":{"rendered":"<p>Pour enfants, ados et adultes Hors vacances scolaires et jours f\u00e9ri\u00e9s, jusqu&#8217;\u00e0 mi-juin. Rentr\u00e9e enfants : 15 septembre 2025. Rentr\u00e9e adultes : 2 octobre 2025. Programme des cours &#8212; Cours enfant 1 9-12 ans, mardi de 16h45 \u00e0 18h, avec Charlotte. Tarif&nbsp;: 225 \u20ac \/ an, mat\u00e9riel compris (paiement en 3 fois accept\u00e9) Observer, imaginer, [&hellip;]<\/p>\n","protected":false},"author":1,"featured_media":0,"parent":0,"menu_order":0,"comment_status":"closed","ping_status":"closed","template":"","meta":{"footnotes":""},"class_list":["post-30","page","type-page","status-publish","hentry"],"_links":{"self":[{"href":"http:\/\/arti-lib.fr\/index.php?rest_route=\/wp\/v2\/pages\/30","targetHints":{"allow":["GET"]}}],"collection":[{"href":"http:\/\/arti-lib.fr\/index.php?rest_route=\/wp\/v2\/pages"}],"about":[{"href":"http:\/\/arti-lib.fr\/index.php?rest_route=\/wp\/v2\/types\/page"}],"author":[{"embeddable":true,"href":"http:\/\/arti-lib.fr\/index.php?rest_route=\/wp\/v2\/users\/1"}],"replies":[{"embeddable":true,"href":"http:\/\/arti-lib.fr\/index.php?rest_route=%2Fwp%2Fv2%2Fcomments&post=30"}],"version-history":[{"count":8,"href":"http:\/\/arti-lib.fr\/index.php?rest_route=\/wp\/v2\/pages\/30\/revisions"}],"predecessor-version":[{"id":86,"href":"http:\/\/arti-lib.fr\/index.php?rest_route=\/wp\/v2\/pages\/30\/revisions\/86"}],"wp:attachment":[{"href":"http:\/\/arti-lib.fr\/index.php?rest_route=%2Fwp%2Fv2%2Fmedia&parent=30"}],"curies":[{"name":"wp","href":"https:\/\/api.w.org\/{rel}","templated":true}]}}