{"id":44,"date":"2025-07-25T21:57:50","date_gmt":"2025-07-25T21:57:50","guid":{"rendered":"http:\/\/arti-lib.fr\/?page_id=44"},"modified":"2025-10-01T08:24:25","modified_gmt":"2025-10-01T08:24:25","slug":"expositions","status":"publish","type":"page","link":"http:\/\/arti-lib.fr\/?page_id=44","title":{"rendered":"Expositions"},"content":{"rendered":"\n<div class=\"wp-block-group alignfull has-accent-2-background-color has-background has-global-padding is-layout-constrained wp-container-core-group-is-layout-669513ed wp-block-group-is-layout-constrained\" style=\"margin-top:0;margin-bottom:0;padding-top:var(--wp--preset--spacing--50);padding-right:var(--wp--preset--spacing--50);padding-bottom:var(--wp--preset--spacing--50);padding-left:var(--wp--preset--spacing--50)\">\n<div class=\"wp-block-columns alignwide is-layout-flex wp-container-core-columns-is-layout-28f84493 wp-block-columns-is-layout-flex\">\n<div class=\"wp-block-column is-layout-flow wp-block-column-is-layout-flow\" style=\"flex-basis:40%\">\n<p class=\"wp-container-content-0733e5d0\"><strong><em>Arti&#8217;lib<\/em><\/strong>, 14 bis rue de la Lib\u00e9ration, Billom<\/p>\n\n\n\n<p><strong>Horaires d&#8217;ouverture :<\/strong><\/p>\n\n\n\n<p>Lundi, mercredi, vendredi : 10h-12h \/ 14h30-18h<\/p>\n\n\n\n<p>Jeudi : 10h-12h<\/p>\n\n\n\n<p>Samedi : 10h-12h \/ 14h30-17h<\/p>\n<\/div>\n\n\n\n<div class=\"wp-block-column is-layout-flow wp-block-column-is-layout-flow\" style=\"flex-basis:60%\">\n<p class=\"has-heading-font-family has-x-large-font-size\" style=\"line-height:1.2\">Tous les trois mois, une nouvelle exposition \u00e0 d\u00e9couvrir. Arts plastiques, arts graphiques, artisanat d&#8217;art.<\/p>\n<\/div>\n<\/div>\n\n\n\n<div style=\"height:var(--wp--preset--spacing--40)\" aria-hidden=\"true\" class=\"wp-block-spacer\"><\/div>\n\n\n\n<figure class=\"wp-block-image alignwide size-large is-style-rounded is-style-rounded--1\"><img loading=\"lazy\" decoding=\"async\" width=\"1024\" height=\"740\" src=\"http:\/\/arti-lib.fr\/wp-content\/uploads\/2025\/07\/ML-Gluszak-chats-w-1-1024x740.jpg\" alt=\"\" class=\"wp-image-46\" srcset=\"http:\/\/arti-lib.fr\/wp-content\/uploads\/2025\/07\/ML-Gluszak-chats-w-1-1024x740.jpg 1024w, http:\/\/arti-lib.fr\/wp-content\/uploads\/2025\/07\/ML-Gluszak-chats-w-1-300x217.jpg 300w, http:\/\/arti-lib.fr\/wp-content\/uploads\/2025\/07\/ML-Gluszak-chats-w-1-768x555.jpg 768w, http:\/\/arti-lib.fr\/wp-content\/uploads\/2025\/07\/ML-Gluszak-chats-w-1-1536x1109.jpg 1536w, http:\/\/arti-lib.fr\/wp-content\/uploads\/2025\/07\/ML-Gluszak-chats-w-1.jpg 1635w\" sizes=\"auto, (max-width: 1024px) 100vw, 1024px\" \/><\/figure>\n<\/div>\n\n\n\n<div class=\"wp-block-group alignfull has-base-background-color has-background has-global-padding is-layout-constrained wp-container-core-group-is-layout-d89aad35 wp-block-group-is-layout-constrained\" style=\"margin-top:0;margin-bottom:0;padding-top:var(--wp--preset--spacing--50);padding-right:var(--wp--preset--spacing--50);padding-bottom:var(--wp--preset--spacing--50);padding-left:var(--wp--preset--spacing--50)\">\n<div class=\"wp-block-columns alignwide is-layout-flex wp-container-core-columns-is-layout-549b0c86 wp-block-columns-is-layout-flex\">\n<div class=\"wp-block-column has-global-padding is-content-justification-left is-layout-constrained wp-container-core-column-is-layout-4f15e8fe wp-block-column-is-layout-constrained\" style=\"flex-basis:40%\">\n<p>Vous \u00eates artiste ou artisan d&#8217;art professionnel et vous souhaitez exposer ? <strong><a href=\"http:\/\/arti-lib.fr\/?page_id=59\" data-type=\"page\" data-id=\"59\">Contactez-nous !<\/a><\/strong><\/p>\n\n\n\n<p><\/p>\n<\/div>\n\n\n\n<div class=\"wp-block-column is-layout-flow wp-container-core-column-is-layout-119bc444 wp-block-column-is-layout-flow\" style=\"flex-basis:60%\">\n<p class=\"has-heading-font-family has-x-large-font-size\" style=\"line-height:1.2\">Arti&#8217;lib est un atelier-galerie et une association. Des artistes et des artisans d&#8217;art de talent pr\u00e9sentent  leurs cr\u00e9ations dans la galerie, pour une dur\u00e9e de trois mois.<\/p>\n\n\n\n<div class=\"wp-block-columns is-layout-flex wp-container-core-columns-is-layout-87beb0d0 wp-block-columns-is-layout-flex\">\n<div class=\"wp-block-column is-layout-flow wp-block-column-is-layout-flow\">\n<p class=\"wp-container-content-9cfa9a5a\"><\/p>\n<\/div>\n\n\n\n<div class=\"wp-block-column is-layout-flow wp-block-column-is-layout-flow\">\n<p><\/p>\n<\/div>\n<\/div>\n<\/div>\n<\/div>\n<\/div>\n\n\n\n<div class=\"wp-block-cover alignfull is-light has-parallax\" style=\"padding-top:var(--wp--preset--spacing--50);padding-right:var(--wp--preset--spacing--50);padding-bottom:var(--wp--preset--spacing--50);padding-left:var(--wp--preset--spacing--50);min-height:100vh;aspect-ratio:unset;\"><div class=\"wp-block-cover__image-background wp-image-45 size-large has-parallax\" style=\"background-position:50% 50%;background-image:url(http:\/\/arti-lib.fr\/wp-content\/uploads\/2025\/07\/Hubschwerlin-Koi-2-w-1-1-1024x476.jpg)\"><\/div><span aria-hidden=\"true\" class=\"wp-block-cover__background has-base-background-color has-background-dim-0 has-background-dim\"><\/span><div class=\"wp-block-cover__inner-container has-global-padding is-layout-constrained wp-container-core-cover-is-layout-e4fd886c wp-block-cover-is-layout-constrained\">\n<div style=\"height:500px\" aria-hidden=\"true\" class=\"wp-block-spacer\"><\/div>\n<\/div><\/div>\n\n\n\n<div class=\"wp-block-group alignfull has-base-2-background-color has-background has-global-padding is-layout-constrained wp-container-core-group-is-layout-7cd14b77 wp-block-group-is-layout-constrained\" style=\"margin-top:0;margin-bottom:0;padding-top:var(--wp--preset--spacing--60);padding-right:var(--wp--preset--spacing--60);padding-bottom:var(--wp--preset--spacing--60);padding-left:var(--wp--preset--spacing--60)\">\n<div class=\"wp-block-group alignwide is-layout-flow wp-block-group-is-layout-flow\">\n<div style=\"height:var(--wp--preset--spacing--50)\" aria-hidden=\"true\" class=\"wp-block-spacer\"><\/div>\n\n\n\n<p class=\"has-text-align-center has-heading-font-family has-x-large-font-size\" style=\"font-style:normal;font-weight:400;line-height:1.2\">Espace d&#8217;expression et d&#8217;exposition, Arti&#8217;lib rend visible la cr\u00e9ation artistique locale.  <\/p>\n\n\n\n<div style=\"height:var(--wp--preset--spacing--50)\" aria-hidden=\"true\" class=\"wp-block-spacer\"><\/div>\n<\/div>\n<\/div>\n\n\n\n<div class=\"wp-block-group alignfull has-base-2-color has-contrast-background-color has-text-color has-background has-link-color wp-elements-d8fa837f3e285cafd4a11c012b950214 has-global-padding is-layout-constrained wp-container-core-group-is-layout-facafb6f wp-block-group-is-layout-constrained\" style=\"margin-top:0;margin-bottom:0;padding-top:var(--wp--preset--spacing--50);padding-right:var(--wp--preset--spacing--50);padding-bottom:var(--wp--preset--spacing--50);padding-left:var(--wp--preset--spacing--50)\">\n<div class=\"wp-block-columns alignwide is-layout-flex wp-container-core-columns-is-layout-d1c656ed wp-block-columns-is-layout-flex\">\n<div class=\"wp-block-column is-vertically-aligned-stretch is-layout-flow wp-block-column-is-layout-flow\" style=\"padding-right:0;flex-basis:60%\">\n<div class=\"wp-block-group is-vertical is-content-justification-stretch is-layout-flex wp-container-core-group-is-layout-ae24f51d wp-block-group-is-layout-flex\" style=\"min-height:100%\">\n<p class=\"has-medium-font-size\"><\/p>\n<\/div>\n<\/div>\n\n\n\n<div class=\"wp-block-column is-layout-flow wp-block-column-is-layout-flow\" style=\"flex-basis:40%\">\n<div class=\"wp-block-group has-global-padding is-layout-constrained wp-block-group-is-layout-constrained\"><\/div>\n<\/div>\n<\/div>\n<\/div>\n","protected":false},"excerpt":{"rendered":"<p>Arti&#8217;lib, 14 bis rue de la Lib\u00e9ration, Billom Horaires d&#8217;ouverture : Lundi, mercredi, vendredi : 10h-12h \/ 14h30-18h Jeudi : 10h-12h Samedi : 10h-12h \/ 14h30-17h Tous les trois mois, une nouvelle exposition \u00e0 d\u00e9couvrir. Arts plastiques, arts graphiques, artisanat d&#8217;art. Vous \u00eates artiste ou artisan d&#8217;art professionnel et vous souhaitez exposer ? Contactez-nous ! [&hellip;]<\/p>\n","protected":false},"author":1,"featured_media":0,"parent":0,"menu_order":0,"comment_status":"closed","ping_status":"closed","template":"","meta":{"footnotes":""},"class_list":["post-44","page","type-page","status-publish","hentry"],"_links":{"self":[{"href":"http:\/\/arti-lib.fr\/index.php?rest_route=\/wp\/v2\/pages\/44","targetHints":{"allow":["GET"]}}],"collection":[{"href":"http:\/\/arti-lib.fr\/index.php?rest_route=\/wp\/v2\/pages"}],"about":[{"href":"http:\/\/arti-lib.fr\/index.php?rest_route=\/wp\/v2\/types\/page"}],"author":[{"embeddable":true,"href":"http:\/\/arti-lib.fr\/index.php?rest_route=\/wp\/v2\/users\/1"}],"replies":[{"embeddable":true,"href":"http:\/\/arti-lib.fr\/index.php?rest_route=%2Fwp%2Fv2%2Fcomments&post=44"}],"version-history":[{"count":4,"href":"http:\/\/arti-lib.fr\/index.php?rest_route=\/wp\/v2\/pages\/44\/revisions"}],"predecessor-version":[{"id":89,"href":"http:\/\/arti-lib.fr\/index.php?rest_route=\/wp\/v2\/pages\/44\/revisions\/89"}],"wp:attachment":[{"href":"http:\/\/arti-lib.fr\/index.php?rest_route=%2Fwp%2Fv2%2Fmedia&parent=44"}],"curies":[{"name":"wp","href":"https:\/\/api.w.org\/{rel}","templated":true}]}}