{"id":59,"date":"2025-07-26T08:37:21","date_gmt":"2025-07-26T08:37:21","guid":{"rendered":"http:\/\/arti-lib.fr\/?page_id=59"},"modified":"2025-07-31T12:09:35","modified_gmt":"2025-07-31T12:09:35","slug":"contact","status":"publish","type":"page","link":"http:\/\/arti-lib.fr\/?page_id=59","title":{"rendered":"Contact"},"content":{"rendered":"\n<div class=\"wp-block-group alignfull has-accent-background-color has-background is-vertical is-content-justification-center is-layout-flex wp-container-core-group-is-layout-623b1cb9 wp-block-group-is-layout-flex\" style=\"min-height:100vh;margin-top:0;margin-bottom:0;padding-top:var(--wp--preset--spacing--60);padding-right:var(--wp--preset--spacing--50);padding-bottom:var(--wp--preset--spacing--60);padding-left:var(--wp--preset--spacing--50)\">\n<div class=\"wp-block-group has-global-padding is-layout-constrained wp-block-group-is-layout-constrained\">\n<figure class=\"wp-block-image aligncenter size-full is-resized\"><img decoding=\"async\" src=\"http:\/\/arti-lib.fr\/wp-content\/themes\/twentytwentyfour\/assets\/images\/icon-message.webp\" alt=\"\" style=\"object-fit:cover;width:55px;height:auto\"\/><\/figure>\n\n\n\n<div style=\"height:var(--wp--preset--spacing--10)\" aria-hidden=\"true\" class=\"wp-block-spacer\"><\/div>\n\n\n\n<h2 class=\"wp-block-heading has-text-align-center has-contrast-color has-text-color has-link-color has-x-large-font-size wp-elements-43cb8e82a869970bee476b85d6f4ec9d\" style=\"margin-right:0;margin-left:0;padding-right:0;padding-left:0\">14, rue de la Lib\u00e9ration, 63160 Billom<\/h2>\n\n\n\n<p class=\"has-text-align-center has-large-font-size\">T\u00e9l 1 : 06 63 38 52 93 <\/p>\n\n\n\n<p class=\"has-text-align-center has-large-font-size\">T\u00e9l 2 : 06 98 62 28 85<\/p>\n\n\n\n<div style=\"height:16px\" aria-hidden=\"true\" class=\"wp-block-spacer\"><\/div>\n\n\n\n<figure class=\"wp-block-image aligncenter size-full is-resized\"><img loading=\"lazy\" decoding=\"async\" width=\"400\" height=\"138\" src=\"http:\/\/arti-lib.fr\/wp-content\/uploads\/2025\/07\/contact-arti-lib.jpg\" alt=\"\" class=\"wp-image-70\" style=\"width:272px;height:auto\" srcset=\"http:\/\/arti-lib.fr\/wp-content\/uploads\/2025\/07\/contact-arti-lib.jpg 400w, http:\/\/arti-lib.fr\/wp-content\/uploads\/2025\/07\/contact-arti-lib-300x104.jpg 300w\" sizes=\"auto, (max-width: 400px) 100vw, 400px\" \/><\/figure>\n<\/div>\n<\/div>\n","protected":false},"excerpt":{"rendered":"<p>14, rue de la Lib\u00e9ration, 63160 Billom T\u00e9l 1 : 06 63 38 52 93 T\u00e9l 2 : 06 98 62 28 85<\/p>\n","protected":false},"author":1,"featured_media":0,"parent":0,"menu_order":0,"comment_status":"closed","ping_status":"closed","template":"","meta":{"footnotes":""},"class_list":["post-59","page","type-page","status-publish","hentry"],"_links":{"self":[{"href":"http:\/\/arti-lib.fr\/index.php?rest_route=\/wp\/v2\/pages\/59","targetHints":{"allow":["GET"]}}],"collection":[{"href":"http:\/\/arti-lib.fr\/index.php?rest_route=\/wp\/v2\/pages"}],"about":[{"href":"http:\/\/arti-lib.fr\/index.php?rest_route=\/wp\/v2\/types\/page"}],"author":[{"embeddable":true,"href":"http:\/\/arti-lib.fr\/index.php?rest_route=\/wp\/v2\/users\/1"}],"replies":[{"embeddable":true,"href":"http:\/\/arti-lib.fr\/index.php?rest_route=%2Fwp%2Fv2%2Fcomments&post=59"}],"version-history":[{"count":4,"href":"http:\/\/arti-lib.fr\/index.php?rest_route=\/wp\/v2\/pages\/59\/revisions"}],"predecessor-version":[{"id":83,"href":"http:\/\/arti-lib.fr\/index.php?rest_route=\/wp\/v2\/pages\/59\/revisions\/83"}],"wp:attachment":[{"href":"http:\/\/arti-lib.fr\/index.php?rest_route=%2Fwp%2Fv2%2Fmedia&parent=59"}],"curies":[{"name":"wp","href":"https:\/\/api.w.org\/{rel}","templated":true}]}}