{"id":62,"date":"2025-07-27T09:07:41","date_gmt":"2025-07-27T09:07:41","guid":{"rendered":"http:\/\/arti-lib.fr\/?page_id=62"},"modified":"2025-07-31T12:06:45","modified_gmt":"2025-07-31T12:06:45","slug":"location-de-latelier","status":"publish","type":"page","link":"http:\/\/arti-lib.fr\/?page_id=62","title":{"rendered":"Location de l&#8217;atelier"},"content":{"rendered":"\n<div class=\"wp-block-group alignfull has-accent-background-color has-background has-global-padding is-layout-constrained wp-container-core-group-is-layout-669513ed wp-block-group-is-layout-constrained\" style=\"margin-top:0;margin-bottom:0;padding-top:var(--wp--preset--spacing--50);padding-right:var(--wp--preset--spacing--50);padding-bottom:var(--wp--preset--spacing--50);padding-left:var(--wp--preset--spacing--50)\">\n<div class=\"wp-block-columns alignwide is-layout-flex wp-container-core-columns-is-layout-1da03c2a wp-block-columns-is-layout-flex\">\n<div class=\"wp-block-column is-vertically-aligned-stretch is-layout-flow wp-block-column-is-layout-flow\" style=\"flex-basis:50%\">\n<div class=\"wp-block-group is-vertical is-content-justification-stretch is-layout-flex wp-container-core-group-is-layout-444d5ee8 wp-block-group-is-layout-flex\" style=\"min-height:100%\">\n<p class=\"has-heading-font-family has-large-font-size\" style=\"line-height:1.2\">Vous \u00eates artiste ou artisan d&#8217;art et avez besoin d&#8217;un espace pour <strong>organiser un stage ?<\/strong> <\/p>\n\n\n\n<p class=\"has-heading-font-family has-large-font-size\" style=\"line-height:1.2\">La location de l&#8217;atelier est possible, pour une journ\u00e9e ou un week-end.<\/p>\n\n\n\n<div class=\"wp-block-group has-global-padding is-content-justification-left is-layout-constrained wp-container-core-group-is-layout-9fe8ed88 wp-block-group-is-layout-constrained\">\n<p class=\"wp-container-content-0733e5d0\"><strong>Contactez-nous pour en discuter.<\/strong><\/p>\n<\/div>\n<\/div>\n<\/div>\n\n\n\n<div class=\"wp-block-column is-vertically-aligned-center is-layout-flow wp-block-column-is-layout-flow\" style=\"flex-basis:50%\">\n<figure class=\"wp-block-image size-full is-style-rounded is-style-rounded--1\"><img loading=\"lazy\" decoding=\"async\" width=\"492\" height=\"707\" src=\"http:\/\/arti-lib.fr\/wp-content\/uploads\/2025\/07\/IMG_1005-2b-w-1.jpg\" alt=\"\" class=\"wp-image-64\" style=\"aspect-ratio:3\/4;object-fit:cover\" srcset=\"http:\/\/arti-lib.fr\/wp-content\/uploads\/2025\/07\/IMG_1005-2b-w-1.jpg 492w, http:\/\/arti-lib.fr\/wp-content\/uploads\/2025\/07\/IMG_1005-2b-w-1-209x300.jpg 209w\" sizes=\"auto, (max-width: 492px) 100vw, 492px\" \/><\/figure>\n<\/div>\n<\/div>\n<\/div>\n\n\n\n<div class=\"wp-block-group alignfull has-base-background-color has-background has-global-padding is-layout-constrained wp-container-core-group-is-layout-d89aad35 wp-block-group-is-layout-constrained\" style=\"margin-top:0;margin-bottom:0;padding-top:var(--wp--preset--spacing--50);padding-right:var(--wp--preset--spacing--50);padding-bottom:var(--wp--preset--spacing--50);padding-left:var(--wp--preset--spacing--50)\">\n<div class=\"wp-block-columns alignwide is-layout-flex wp-container-core-columns-is-layout-549b0c86 wp-block-columns-is-layout-flex\">\n<div class=\"wp-block-column has-global-padding is-content-justification-left is-layout-constrained wp-container-core-column-is-layout-4f15e8fe wp-block-column-is-layout-constrained\" style=\"flex-basis:40%\">\n<p>Un espace cr\u00e9atif vivant !<\/p>\n<\/div>\n\n\n\n<div class=\"wp-block-column is-layout-flow wp-container-core-column-is-layout-119bc444 wp-block-column-is-layout-flow\" style=\"flex-basis:60%\">\n<p class=\"has-heading-font-family has-x-large-font-size\" style=\"line-height:1.2\">Arti&#8217;lib \/ espace de cr\u00e9ation<\/p>\n\n\n\n<div class=\"wp-block-columns is-layout-flex wp-container-core-columns-is-layout-87beb0d0 wp-block-columns-is-layout-flex\">\n<div class=\"wp-block-column is-layout-flow wp-block-column-is-layout-flow\">\n<p class=\"wp-container-content-9cfa9a5a\">L&#8217;atelier Arti&#8217;lib est situ\u00e9 tout pr\u00e8s de l&#8217;hyper centre de Billom et non loin du quartier m\u00e9di\u00e9val. <\/p>\n<\/div>\n\n\n\n<div class=\"wp-block-column is-layout-flow wp-block-column-is-layout-flow\">\n<p>Vous avez besoin de surface pour organiser un atelier ou un stage ? L&#8217;atelier peut \u00eatre mis en location pour une journ\u00e9e ou un week-end.<\/p>\n<\/div>\n<\/div>\n<\/div>\n<\/div>\n<\/div>\n\n\n\n<div class=\"wp-block-group alignfull has-accent-5-background-color has-background has-global-padding is-layout-constrained wp-container-core-group-is-layout-d89aad35 wp-block-group-is-layout-constrained\" style=\"margin-top:0;margin-bottom:0;padding-top:var(--wp--preset--spacing--50);padding-right:var(--wp--preset--spacing--50);padding-bottom:var(--wp--preset--spacing--50);padding-left:var(--wp--preset--spacing--50)\">\n<div class=\"wp-block-columns alignwide is-layout-flex wp-container-core-columns-is-layout-1da03c2a wp-block-columns-is-layout-flex\">\n<div class=\"wp-block-column is-vertically-aligned-center is-layout-flow wp-block-column-is-layout-flow\" style=\"flex-basis:60%\">\n<figure class=\"wp-block-image size-full is-style-rounded wp-duotone-duotone-1 is-style-rounded--2\"><img loading=\"lazy\" decoding=\"async\" width=\"1183\" height=\"779\" src=\"http:\/\/arti-lib.fr\/wp-content\/uploads\/2025\/07\/Image-Arti-lib-2b-w.jpg\" alt=\"\" class=\"wp-image-65\" style=\"aspect-ratio:4\/3;object-fit:cover\" srcset=\"http:\/\/arti-lib.fr\/wp-content\/uploads\/2025\/07\/Image-Arti-lib-2b-w.jpg 1183w, http:\/\/arti-lib.fr\/wp-content\/uploads\/2025\/07\/Image-Arti-lib-2b-w-300x198.jpg 300w, http:\/\/arti-lib.fr\/wp-content\/uploads\/2025\/07\/Image-Arti-lib-2b-w-1024x674.jpg 1024w, http:\/\/arti-lib.fr\/wp-content\/uploads\/2025\/07\/Image-Arti-lib-2b-w-768x506.jpg 768w\" sizes=\"auto, (max-width: 1183px) 100vw, 1183px\" \/><\/figure>\n<\/div>\n\n\n\n<div class=\"wp-block-column is-layout-flow wp-block-column-is-layout-flow\" style=\"flex-basis:40%\">\n<h2 class=\"wp-block-heading\">En d\u00e9tails<\/h2>\n\n\n\n<p>L&#8217;atelier dispose de tables amovibles, de tabourets, d&#8217;un \u00e9vier et de sanitaires. L&#8217;espace de + ou &#8211; 80 m2 peut recevoir 12 participants en places assises. <\/p>\n<\/div>\n<\/div>\n<\/div>\n\n\n\n<div class=\"wp-block-group alignfull has-global-padding is-layout-constrained wp-container-core-group-is-layout-d89aad35 wp-block-group-is-layout-constrained\" style=\"margin-top:0;margin-bottom:0;padding-top:var(--wp--preset--spacing--50);padding-right:var(--wp--preset--spacing--50);padding-bottom:var(--wp--preset--spacing--50);padding-left:var(--wp--preset--spacing--50)\"><\/div>\n\n\n\n<div class=\"wp-block-group alignfull has-base-color has-contrast-background-color has-text-color has-background has-link-color wp-elements-441d98260dbcd431b9d84b3ac7e19c8b has-global-padding is-layout-constrained wp-container-core-group-is-layout-d89aad35 wp-block-group-is-layout-constrained\" style=\"margin-top:0;margin-bottom:0;padding-top:var(--wp--preset--spacing--50);padding-right:var(--wp--preset--spacing--50);padding-bottom:var(--wp--preset--spacing--50);padding-left:var(--wp--preset--spacing--50)\">\n<p>Contactez-nous pour en discuter !<\/p>\n<\/div>\n\n\n\n<p><\/p>\n","protected":false},"excerpt":{"rendered":"<p>Vous \u00eates artiste ou artisan d&#8217;art et avez besoin d&#8217;un espace pour organiser un stage ? La location de l&#8217;atelier est possible, pour une journ\u00e9e ou un week-end. Contactez-nous pour en discuter. Un espace cr\u00e9atif vivant ! Arti&#8217;lib \/ espace de cr\u00e9ation L&#8217;atelier Arti&#8217;lib est situ\u00e9 tout pr\u00e8s de l&#8217;hyper centre de Billom et non [&hellip;]<\/p>\n","protected":false},"author":1,"featured_media":0,"parent":0,"menu_order":0,"comment_status":"closed","ping_status":"closed","template":"","meta":{"footnotes":""},"class_list":["post-62","page","type-page","status-publish","hentry"],"_links":{"self":[{"href":"http:\/\/arti-lib.fr\/index.php?rest_route=\/wp\/v2\/pages\/62","targetHints":{"allow":["GET"]}}],"collection":[{"href":"http:\/\/arti-lib.fr\/index.php?rest_route=\/wp\/v2\/pages"}],"about":[{"href":"http:\/\/arti-lib.fr\/index.php?rest_route=\/wp\/v2\/types\/page"}],"author":[{"embeddable":true,"href":"http:\/\/arti-lib.fr\/index.php?rest_route=\/wp\/v2\/users\/1"}],"replies":[{"embeddable":true,"href":"http:\/\/arti-lib.fr\/index.php?rest_route=%2Fwp%2Fv2%2Fcomments&post=62"}],"version-history":[{"count":3,"href":"http:\/\/arti-lib.fr\/index.php?rest_route=\/wp\/v2\/pages\/62\/revisions"}],"predecessor-version":[{"id":81,"href":"http:\/\/arti-lib.fr\/index.php?rest_route=\/wp\/v2\/pages\/62\/revisions\/81"}],"wp:attachment":[{"href":"http:\/\/arti-lib.fr\/index.php?rest_route=%2Fwp%2Fv2%2Fmedia&parent=62"}],"curies":[{"name":"wp","href":"https:\/\/api.w.org\/{rel}","templated":true}]}}